{"id":118,"date":"2023-05-15T11:29:28","date_gmt":"2023-05-15T09:29:28","guid":{"rendered":"https:\/\/dhumu.fr\/?page_id=118"},"modified":"2025-12-12T13:05:40","modified_gmt":"2025-12-12T12:05:40","slug":"protocoles-smur","status":"publish","type":"page","link":"https:\/\/dhumu.fr\/?page_id=118","title":{"rendered":"Protocoles SMUR"},"content":{"rendered":"\n<ul class=\"wp-block-list\">\n<li><a href=\"https:\/\/drive.google.com\/drive\/folders\/1f0kmESSiKa75ccgC-KU8Fzlrv2Fue92z?usp=sharing\">Liens FI SMUR<\/a><\/li>\n<\/ul>\n\n\n\n<p>Acc\u00e8s CertDC : <a href=\"https:\/\/certdc.inserm.fr\/mobile\/santeConnect\">https:\/\/certdc.inserm.fr\/mobile\/santeConnect<\/a><\/p>\n\n\n\n<p>Adresse mail IAT pour dossier TSMUR : <a href=\"mailto:PersonnelsReaCoeur@tzanck.org\" target=\"_blank\" rel=\"noreferrer noopener\">PersonnelsReaCoeur@tzanck.org<\/a><\/p>\n\n\n\n<div class=\"wp-block-file\"><a id=\"wp-block-file--media-0ce4e7cb-71f9-4154-9e26-1a10d0d40bc7\" href=\"https:\/\/dhumu.fr\/wp-content\/uploads\/2024\/04\/Exemple-ppt.pptx\" target=\"_blank\" rel=\"noreferrer noopener\">Application e-smur : Trame pour cr\u00e9ation protocole<\/a><\/div>\n\n\n\n<div class=\"wp-block-file\"><a id=\"wp-block-file--media-8d5f5bbd-52fb-4442-a000-e4a887fe857c\" href=\"https:\/\/dhumu.fr\/wp-content\/uploads\/2024\/04\/Asthme-aigu-grave-protocole-a-implementer.pptx\" target=\"_blank\" rel=\"noreferrer noopener\">Application e-smur : Exemple (Asthme)<\/a><\/div>\n\n\n\n<div class=\"wp-block-file\"><a id=\"wp-block-file--media-6ba82f4b-4f9d-465a-a2ff-5e5091d8812e\" href=\"https:\/\/dhumu.fr\/wp-content\/uploads\/2023\/11\/PROTOCOLE-ACCIDENT-de-PLONGEE.pdf\" target=\"_blank\" rel=\"noreferrer noopener\">Accident de plong\u00e9e (2023)<\/a><\/div>\n\n\n\n<div class=\"wp-block-file\"><a id=\"wp-block-file--media-26b9caac-0308-4496-9fb2-766eaaea6ece\" href=\"https:\/\/dhumu.fr\/wp-content\/uploads\/2023\/11\/SKM_C30823060716210.pdf\" target=\"_blank\" rel=\"noreferrer noopener\">Attestation D\u00e9claration D\u00e9c\u00e8s (2023)<\/a><\/div>\n\n\n\n<div class=\"wp-block-file\"><a id=\"wp-block-file--media-3f7f617c-4ad6-4a46-a968-5a3635db5bb4\" href=\"https:\/\/dhumu.fr\/wp-content\/uploads\/2023\/11\/CERTIFICAT-DE-NON-CONTAGION-A-REMPLIR.pdf\" target=\"_blank\" rel=\"noreferrer noopener\">Certificat de Non Contagion (2023)<\/a><\/div>\n\n\n\n<div class=\"wp-block-file\"><a id=\"wp-block-file--media-666432de-c1c4-4f68-8261-902442ba4999\" href=\"https:\/\/dhumu.fr\/wp-content\/uploads\/2025\/10\/dossier-transfusionnel-SMUR-2025-V3-16062025.docx.pdf\" target=\"_blank\" rel=\"noreferrer noopener\">Dossier transfusionnel SMUR (2025)<\/a><\/div>\n\n\n\n<div class=\"wp-block-file\"><a id=\"wp-block-file--media-576952eb-10c0-4326-aa0b-76eeef22a125\" href=\"https:\/\/dhumu.fr\/wp-content\/uploads\/2025\/01\/SKM_C300i25011608140.pdf\" target=\"_blank\" rel=\"noreferrer noopener\">Fiche de Liaison M\u00e9decine L\u00e9gale<\/a><\/div>\n\n\n\n<div class=\"wp-block-file\"><a id=\"wp-block-file--media-586e7d9e-d563-496a-8422-6269ba8e3c35\" href=\"https:\/\/dhumu.fr\/wp-content\/uploads\/2025\/01\/Fiche-Evaluation-de-la-douleur.pdf\" target=\"_blank\" rel=\"noreferrer noopener\">LATA : Fiche Evaluation de la douleur (2025)<\/a><\/div>\n\n\n\n<div class=\"wp-block-file\"><a id=\"wp-block-file--media-19f2b167-5af9-4489-bc85-3ee095686aa5\" href=\"https:\/\/dhumu.fr\/wp-content\/uploads\/2025\/01\/Fiche-de-decision-de-LATA-SMUR-2025.pdf\" target=\"_blank\" rel=\"noreferrer noopener\">LATA : Fiche de d\u00e9cision SMUR (2025)<\/a><\/div>\n\n\n\n<div class=\"wp-block-file\"><a id=\"wp-block-file--media-0a4d85cb-2786-410c-b062-4cc0c46ae984\" href=\"https:\/\/dhumu.fr\/wp-content\/uploads\/2025\/02\/Fiche-SMUR-dAide-a-la-PEC-patients-LATA-2025-1.pdf\" target=\"_blank\" rel=\"noreferrer noopener\">LATA : Fiche SMUR d&rsquo;Aide \u00e0 la PEC Patients(2025)<\/a><\/div>\n\n\n\n<div class=\"wp-block-file\"><a id=\"wp-block-file--media-1e827905-e4f6-4c1a-94b0-07c23908186d\" href=\"https:\/\/dhumu.fr\/wp-content\/uploads\/2025\/01\/Signes-de-souffrance-aigue-VF.pdf\" target=\"_blank\" rel=\"noreferrer noopener\">LATA : Signes de souffrance aigue (2025)<\/a><\/div>\n\n\n\n<div class=\"wp-block-file\"><a id=\"wp-block-file--media-a3426e76-385e-47e1-9db4-8b44855114b5\" href=\"https:\/\/dhumu.fr\/wp-content\/uploads\/2024\/05\/resmed_prot_ped_min_en_amont_centre_-de_-reference_2024_valide_2703.docx.pdf\" target=\"_blank\" rel=\"noreferrer noopener\">Mort Inattendue du Nourrisson (2024)<\/a><\/div>\n\n\n\n<div class=\"wp-block-file\"><a id=\"wp-block-file--media-50065cb5-7e45-4296-8dda-9f4a1da564c6\" href=\"https:\/\/dhumu.fr\/wp-content\/uploads\/2025\/03\/Noradrenaline-DHUMU-SRUV-_-NAD20-et-NAD160-_-2025.pdf\" target=\"_blank\" rel=\"noreferrer noopener\">Noradr\u00e9naline DHUMU-SRUV &#8211; NAD20 et NAD160 (2025)<\/a><\/div>\n\n\n\n<div class=\"wp-block-file\"><a id=\"wp-block-file--media-c0859654-b319-402b-9bdf-5653d0f26831\" href=\"https:\/\/dhumu.fr\/wp-content\/uploads\/2024\/06\/Protocole-EME-VALIDE-MAI-2024.pdf\" target=\"_blank\" rel=\"noreferrer noopener\">Protocole Etat de Mal Epileptique (Adulte\/Enfant) (2024)<\/a><\/div>\n\n\n\n<div class=\"wp-block-file\"><a id=\"wp-block-file--media-5d165d34-53cc-46d9-9703-d4e01806c1f0\" href=\"https:\/\/dhumu.fr\/wp-content\/uploads\/2023\/09\/rpp-urgence-brule-fiches-synthese.pdf\" target=\"_blank\" rel=\"noreferrer noopener\">Recommandations Brul\u00e9 grave (2019)<\/a><\/div>\n\n\n\n<div class=\"wp-block-file\"><a id=\"wp-block-file--media-f8962907-80e1-40fc-9b29-769b3ef748e7\" href=\"https:\/\/dhumu.fr\/wp-content\/uploads\/2023\/10\/RPP_Urgences_obstetricalesSFMU_2022.pdf\" target=\"_blank\" rel=\"noreferrer noopener\">RPP Urgences Obst\u00e9tricales SFMU (2022)<\/a><\/div>\n\n\n\n<div class=\"wp-block-file\"><a id=\"wp-block-file--media-842a9b2f-5b77-47b1-8140-1c9ac515a24c\" href=\"https:\/\/dhumu.fr\/wp-content\/uploads\/2025\/12\/SKM_C300i25112014010.pdf\" target=\"_blank\" rel=\"noreferrer noopener\">Signalement ARS d&rsquo;Intoxication au Monoxyde de Carbone (2025)<\/a><\/div>\n\n\n\n<div class=\"wp-block-file\"><a id=\"wp-block-file--media-00331cca-dbeb-4ae7-8760-56960f8f782e\" href=\"https:\/\/dhumu.fr\/wp-content\/uploads\/2023\/09\/Tableau-pediatrique-UA-2-11-kg-v2.1.pdf\" target=\"_blank\" rel=\"noreferrer noopener\">Tableau-pediatrique-UA-2-11-kg (2018)<\/a><\/div>\n\n\n\n<div class=\"wp-block-file\"><a id=\"wp-block-file--media-df0d54ec-563e-4d78-9493-c04afa85c078\" href=\"https:\/\/dhumu.fr\/wp-content\/uploads\/2023\/09\/Tableau-pediatrique-UA-12-39-kg-v2.1.pdf\" target=\"_blank\" rel=\"noreferrer noopener\">Tableau-pediatrique-UA-12-39-kg (2018)<\/a><\/div>\n\n\n\n<div class=\"wp-block-file\"><a id=\"wp-block-file--media-1ea007df-c494-4eae-a131-20300907f339\" href=\"https:\/\/dhumu.fr\/wp-content\/uploads\/2023\/09\/Tableau-pediatrique-UR-2-11-kg-v2.1.pdf\" target=\"_blank\" rel=\"noreferrer noopener\">Tableau-pediatrique-UR-2-11-kg (2018)<\/a><\/div>\n\n\n\n<div class=\"wp-block-file\"><a id=\"wp-block-file--media-608b458a-b9a2-46bb-b6b9-09f028a24fd5\" href=\"https:\/\/dhumu.fr\/wp-content\/uploads\/2023\/09\/Tableau-pediatrique-UR-12-39-kg-v2.1.pdf\" target=\"_blank\" rel=\"noreferrer noopener\">Tableau-pediatrique-UR-12-39-kg (2018)<\/a><\/div>\n\n\n\n<p><\/p>\n","protected":false},"excerpt":{"rendered":"<p>Acc\u00e8s CertDC : https:\/\/certdc.inserm.fr\/mobile\/santeConnect Adresse mail IAT pour dossier TSMUR : PersonnelsReaCoeur@tzanck.org<\/p>\n","protected":false},"author":2,"featured_media":0,"parent":106,"menu_order":0,"comment_status":"closed","ping_status":"closed","template":"","meta":{"neve_meta_sidebar":"","neve_meta_container":"","neve_meta_enable_content_width":"","neve_meta_content_width":0,"neve_meta_title_alignment":"","neve_meta_author_avatar":"","neve_post_elements_order":"","neve_meta_disable_header":"","neve_meta_disable_footer":"","neve_meta_disable_title":"","footnotes":""},"class_list":["post-118","page","type-page","status-publish","hentry"],"_links":{"self":[{"href":"https:\/\/dhumu.fr\/index.php?rest_route=\/wp\/v2\/pages\/118","targetHints":{"allow":["GET"]}}],"collection":[{"href":"https:\/\/dhumu.fr\/index.php?rest_route=\/wp\/v2\/pages"}],"about":[{"href":"https:\/\/dhumu.fr\/index.php?rest_route=\/wp\/v2\/types\/page"}],"author":[{"embeddable":true,"href":"https:\/\/dhumu.fr\/index.php?rest_route=\/wp\/v2\/users\/2"}],"replies":[{"embeddable":true,"href":"https:\/\/dhumu.fr\/index.php?rest_route=%2Fwp%2Fv2%2Fcomments&post=118"}],"version-history":[{"count":36,"href":"https:\/\/dhumu.fr\/index.php?rest_route=\/wp\/v2\/pages\/118\/revisions"}],"predecessor-version":[{"id":2003,"href":"https:\/\/dhumu.fr\/index.php?rest_route=\/wp\/v2\/pages\/118\/revisions\/2003"}],"up":[{"embeddable":true,"href":"https:\/\/dhumu.fr\/index.php?rest_route=\/wp\/v2\/pages\/106"}],"wp:attachment":[{"href":"https:\/\/dhumu.fr\/index.php?rest_route=%2Fwp%2Fv2%2Fmedia&parent=118"}],"curies":[{"name":"wp","href":"https:\/\/api.w.org\/{rel}","templated":true}]}}