{"id":120,"date":"2023-05-15T11:29:53","date_gmt":"2023-05-15T09:29:53","guid":{"rendered":"https:\/\/dhumu.fr\/?page_id=120"},"modified":"2026-04-03T08:53:13","modified_gmt":"2026-04-03T06:53:13","slug":"protocoles-de-service-2","status":"publish","type":"page","link":"https:\/\/dhumu.fr\/?page_id=120","title":{"rendered":"Proc\u00e9dures de Service"},"content":{"rendered":"\n<div class=\"wp-block-file\"><a id=\"wp-block-file--media-dc03086c-f6e1-483a-8723-fcd323d86e91\" href=\"https:\/\/dhumu.fr\/wp-content\/uploads\/2024\/03\/Astreinte-medicale-DHUMU-SAMU06.pdf\" target=\"_blank\" rel=\"noreferrer noopener\">Astreinte M\u00e9dicale DHUMU SAMU06 (2022)<\/a><\/div>\n\n\n\n<div class=\"wp-block-file\"><a id=\"wp-block-file--media-ccf9f14d-2df7-4b48-9f0a-5577f5fbb9e8\" href=\"https:\/\/dhumu.fr\/wp-content\/uploads\/2024\/03\/Procedure-SAU-Urgences-et-Avis-dans-les-services-v221013.pdf\" target=\"_blank\" rel=\"noreferrer noopener\">Avis M\u00e9dicaux et Urgences en PDS (2022)<\/a><\/div>\n\n\n\n<div class=\"wp-block-file\"><a id=\"wp-block-file--media-bfaa1241-17d5-48bc-a4dc-a8f0eef1bdb3\" href=\"https:\/\/dhumu.fr\/wp-content\/uploads\/2024\/06\/CNPH.pdf\" target=\"_blank\" rel=\"noreferrer noopener\">CNPH : Candidature poste PH &#8211; Guide (2024)<\/a><\/div>\n\n\n\n<div class=\"wp-block-file\"><a id=\"wp-block-file--media-32059901-d38b-414b-87f7-206772d85b9c\" href=\"https:\/\/dhumu.fr\/wp-content\/uploads\/2025\/01\/25-04_DG_Engagement-du-Medecin-SMUR-I3-en-garde-de-nuit.pdf\" target=\"_blank\" rel=\"noreferrer noopener\">Engagement du M\u00e9decin SMUR I3 en garde de nuit (2025)<\/a><\/div>\n\n\n\n<div class=\"wp-block-file\"><a id=\"wp-block-file--media-021a1bbe-bc93-4a36-90c6-ab26fd8ace8c\" href=\"https:\/\/dhumu.fr\/wp-content\/uploads\/2023\/11\/23-Fiche-Poste-Medecins-ISAU.pdf\" target=\"_blank\" rel=\"noreferrer noopener\">Fiche Poste M\u00e9decin ISAU (2023)<\/a><\/div>\n\n\n\n<div class=\"wp-block-file\"><a id=\"wp-block-file--media-10483d60-818d-4762-9c31-bd0a45e63f6b\" href=\"https:\/\/dhumu.fr\/wp-content\/uploads\/2023\/11\/Fiche-de-taches-ISAU-MAJ-Octobre-2023.pdf\" target=\"_blank\" rel=\"noreferrer noopener\">Fiche T\u00e2ches IDE SMUR ISAU (2023)<\/a><\/div>\n\n\n\n<div class=\"wp-block-file\"><a id=\"wp-block-file--media-0d198d7f-c621-4d14-946d-15ae8e1e9448\" href=\"https:\/\/dhumu.fr\/wp-content\/uploads\/2023\/12\/organigramme-pole-urgence-2023.pdf\" target=\"_blank\" rel=\"noreferrer noopener\">Organigramme DHUMU (2023)<\/a><\/div>\n\n\n\n<div class=\"wp-block-file\"><a id=\"wp-block-file--media-11521904-78b5-481e-a695-5238944d1e13\" href=\"https:\/\/dhumu.fr\/wp-content\/uploads\/2023\/10\/Procedure-SAU-Affectations-medecins-demi-garde.pdf\" target=\"_blank\" rel=\"noreferrer noopener\">Positionnement des M\u00e9decins du SAU en demi garde (2022)<\/a><\/div>\n\n\n\n<div class=\"wp-block-file\"><a id=\"wp-block-file--media-bff32586-26bf-41be-82f3-ac35c8c2b84a\" href=\"https:\/\/dhumu.fr\/wp-content\/uploads\/2024\/03\/Procedure-SAU-Repartition-des-demi-gardes.pdf\" target=\"_blank\" rel=\"noreferrer noopener\">Positionnement des M\u00e9decins du SAU en demi garde pour les Nuls (2024)<\/a><\/div>\n\n\n\n<div class=\"wp-block-file\"><a id=\"wp-block-file--media-b9be4ad9-ec3b-4807-bf0c-f979b350c940\" href=\"https:\/\/dhumu.fr\/wp-content\/uploads\/2025\/03\/Prise-en-charge-des-urgences-vitales-en-unite-de-soins-sur-le-site-de-Pasteur-2.pdf\" target=\"_blank\" rel=\"noreferrer noopener\">Prise en charge des urgences vitales en unit\u00e9 de soins sur le site de Pasteur 2 (2025)<\/a><\/div>\n\n\n\n<div class=\"wp-block-file\"><a id=\"wp-block-file--media-991c6b99-c318-41f4-b1e7-b8854bd9b362\" href=\"https:\/\/dhumu.fr\/wp-content\/uploads\/2026\/04\/Procedure-Absenteisme-Medical-Mars-2026.pdf\" target=\"_blank\" rel=\"noreferrer noopener\">Proc\u00e9dure Absent\u00e9isme M\u00e9dical (2026)<\/a><\/div>\n\n\n\n<div class=\"wp-block-file\"><a id=\"wp-block-file--media-91492bd4-f92e-4868-b4c2-a8c6d335d2c8\" href=\"https:\/\/dhumu.fr\/wp-content\/uploads\/2024\/11\/Procedure-de-reservation-salles-DHUMU-via-OUTLOOK.pdf\" target=\"_blank\" rel=\"noreferrer noopener\">Proc\u00e9dure de r\u00e9servation salles DHUMU via OUTLOOK (2024)<\/a><\/div>\n\n\n\n<div class=\"wp-block-file\"><a id=\"wp-block-file--media-54b25fdc-aec3-4e14-a787-74f421380bbd\" href=\"https:\/\/dhumu.fr\/wp-content\/uploads\/2023\/10\/22-N3-DG-Procedure-engagement-SMUR-Nice-mode-degrade-Infirmier.pdf\" target=\"_blank\" rel=\"noreferrer noopener\">Proc\u00e9dure Engagement SMUR Nice: Mode d\u00e9grad\u00e9 pour absent\u00e9isme (2022)<\/a><\/div>\n\n\n\n<div class=\"wp-block-file\"><a id=\"wp-block-file--media-ce8d9da9-6c15-42fa-951c-f9b6ff9438e1\" href=\"https:\/\/dhumu.fr\/wp-content\/uploads\/2025\/02\/Protocole-dimposition-CHUN.pdf\" target=\"_blank\" rel=\"noreferrer noopener\">Protocole d&rsquo;imposition CHUN (2025)<\/a><\/div>\n\n\n\n<div class=\"wp-block-file\"><a id=\"wp-block-file--media-af6c73a9-a728-403c-b736-078e8270ba20\" href=\"https:\/\/dhumu.fr\/wp-content\/uploads\/2025\/01\/25-06_DG_Repas-des-Medecins-Regulateurs.pdf\" target=\"_blank\" rel=\"noreferrer noopener\">Repas des M\u00e9decins R\u00e9gulateurs (2025)<\/a><\/div>\n\n\n\n<div class=\"wp-block-file\"><a id=\"wp-block-file--media-c402bd92-1e13-4a79-8576-837a7423c9f0\" href=\"https:\/\/dhumu.fr\/wp-content\/uploads\/2023\/09\/Procedure-SAU-Circuit-Court-des-Urgences-20220617.pdf\" target=\"_blank\" rel=\"noreferrer noopener\">SAU : Proc\u00e9dure Circuit Court (2022)<\/a><\/div>\n\n\n\n<div class=\"wp-block-file\"><a id=\"wp-block-file--media-add02776-7162-4866-9366-8f4063f731e6\" href=\"https:\/\/dhumu.fr\/wp-content\/uploads\/2023\/09\/Procedure-SAU-Equilibrage-Zones-Matin.pdf\" target=\"_blank\" rel=\"noreferrer noopener\">SAU : R\u00e9\u00e9quilibrage de zone MCT en fin de nuit (2022)<\/a><\/div>\n\n\n\n<div class=\"wp-block-file\"><a id=\"wp-block-file--media-f99bc75d-3d6a-48fe-86fd-c49c402ca688\" href=\"https:\/\/dhumu.fr\/wp-content\/uploads\/2023\/09\/Thesaurus-Planning-DHUMU.pdf\" target=\"_blank\" rel=\"noreferrer noopener\">Thesaurus Planning DHUMU (2020)<\/a><\/div>\n\n\n\n<div class=\"wp-block-file\"><a id=\"wp-block-file--media-8f939128-eadc-4387-9770-e00a94c32a09\" href=\"https:\/\/dhumu.fr\/wp-content\/uploads\/2025\/10\/Tuto-Orbis-Observation-medicale-Senior.pdf\" target=\"_blank\" rel=\"noreferrer noopener\">Tuto Orbis Observation m\u00e9dicale Senior<\/a><\/div>\n\n\n\n<div class=\"wp-block-file\"><a id=\"wp-block-file--media-9d2b5c64-e046-424e-b2ca-68ffbb64bae2\" href=\"https:\/\/dhumu.fr\/wp-content\/uploads\/2024\/03\/Organisation-UCSU.pdf\" target=\"_blank\" rel=\"noreferrer noopener\">UCSU : Organisation (2022)<\/a><\/div>\n","protected":false},"excerpt":{"rendered":"","protected":false},"author":2,"featured_media":0,"parent":0,"menu_order":0,"comment_status":"closed","ping_status":"closed","template":"","meta":{"neve_meta_sidebar":"","neve_meta_container":"","neve_meta_enable_content_width":"","neve_meta_content_width":0,"neve_meta_title_alignment":"","neve_meta_author_avatar":"","neve_post_elements_order":"","neve_meta_disable_header":"","neve_meta_disable_footer":"","neve_meta_disable_title":"","footnotes":""},"class_list":["post-120","page","type-page","status-publish","hentry"],"_links":{"self":[{"href":"https:\/\/dhumu.fr\/index.php?rest_route=\/wp\/v2\/pages\/120","targetHints":{"allow":["GET"]}}],"collection":[{"href":"https:\/\/dhumu.fr\/index.php?rest_route=\/wp\/v2\/pages"}],"about":[{"href":"https:\/\/dhumu.fr\/index.php?rest_route=\/wp\/v2\/types\/page"}],"author":[{"embeddable":true,"href":"https:\/\/dhumu.fr\/index.php?rest_route=\/wp\/v2\/users\/2"}],"replies":[{"embeddable":true,"href":"https:\/\/dhumu.fr\/index.php?rest_route=%2Fwp%2Fv2%2Fcomments&post=120"}],"version-history":[{"count":38,"href":"https:\/\/dhumu.fr\/index.php?rest_route=\/wp\/v2\/pages\/120\/revisions"}],"predecessor-version":[{"id":2255,"href":"https:\/\/dhumu.fr\/index.php?rest_route=\/wp\/v2\/pages\/120\/revisions\/2255"}],"wp:attachment":[{"href":"https:\/\/dhumu.fr\/index.php?rest_route=%2Fwp%2Fv2%2Fmedia&parent=120"}],"curies":[{"name":"wp","href":"https:\/\/api.w.org\/{rel}","templated":true}]}}