{"id":195,"date":"2023-07-05T20:51:03","date_gmt":"2023-07-05T18:51:03","guid":{"rendered":"https:\/\/dhumu.fr\/?page_id=195"},"modified":"2026-02-08T09:27:58","modified_gmt":"2026-02-08T08:27:58","slug":"protocoles-iao","status":"publish","type":"page","link":"https:\/\/dhumu.fr\/?page_id=195","title":{"rendered":"Protocoles IAO"},"content":{"rendered":"\n<div class=\"wp-block-file\"><a id=\"wp-block-file--media-fd43e647-9dae-404c-a398-86bfd609df8b\" href=\"https:\/\/dhumu.fr\/wp-content\/uploads\/2025\/02\/Protocole-TPE-pdf.pdf\" target=\"_blank\" rel=\"noreferrer noopener\">AEV Sexuel : Protocole TPE (2025)<\/a><\/div>\n\n\n\n<div class=\"wp-block-file\"><a id=\"wp-block-file--media-7ddda515-fbba-4b59-a1ea-ebb2b44ecd2b\" href=\"https:\/\/dhumu.fr\/wp-content\/uploads\/2025\/02\/CHUN_CoReVIH_Information-Patient-TPE.pdf\" target=\"_blank\" rel=\"noreferrer noopener\">AEV sexuel : Fiche Information patient TPE d\u00e9livr\u00e9<\/a><\/div>\n\n\n\n<div class=\"wp-block-file\"><a id=\"wp-block-file--media-fa98805e-afd4-473c-b10b-2056e01bd7d6\" href=\"https:\/\/dhumu.fr\/wp-content\/uploads\/2025\/02\/CHUN_CoReVIH_Information-Patient-Non-TPE.pdf\" target=\"_blank\" rel=\"noreferrer noopener\">AEV sexuel : Fiche Information patient TPE non d\u00e9livr\u00e9<\/a><\/div>\n\n\n\n<div class=\"wp-block-file\"><a id=\"wp-block-file--media-89acb8b5-1d89-4f86-9d37-8b318930b743\" href=\"https:\/\/dhumu.fr\/wp-content\/uploads\/2025\/02\/CHUN_CoReVIH_Information-Patient-TPE-Heures-ouvrables.pdf\" target=\"_blank\" rel=\"noreferrer noopener\">AEV sexuel : Fiche Information patient RDV Heures Ouvrables<\/a><\/div>\n\n\n\n<div class=\"wp-block-file\"><a id=\"wp-block-file--media-c667b8af-0952-4865-81fe-3fc5c644400f\" href=\"https:\/\/dhumu.fr\/wp-content\/uploads\/2024\/03\/ecg-ioa.pdf\" target=\"_blank\" rel=\"noreferrer noopener\">ECG en IOA (2022)<\/a><\/div>\n\n\n\n<div class=\"wp-block-file\"><a id=\"wp-block-file--media-84277b60-5c7b-46dc-be61-651d2d16f206\" href=\"https:\/\/dhumu.fr\/wp-content\/uploads\/2026\/01\/Fast-Track-Urologique.pdf\" target=\"_blank\" rel=\"noreferrer noopener\">Fast Track Urologique (2026)<\/a><\/div>\n\n\n\n<div class=\"wp-block-file\"><a id=\"wp-block-file--media-cbc0d2d8-5a35-4b4e-bcfe-ac5e8ee014f7\" href=\"https:\/\/dhumu.fr\/wp-content\/uploads\/2024\/03\/24_PP_Gestion-flux-accompagnant-patients-en-ZAO.pdf\" target=\"_blank\" rel=\"noreferrer noopener\">Gestion flux accompagnant patients en ZAO (2024)<\/a><\/div>\n\n\n\n<div class=\"wp-block-file\"><a id=\"wp-block-file--media-c41f02b6-03d8-4476-9bba-ac32748d23c7\" href=\"https:\/\/dhumu.fr\/wp-content\/uploads\/2024\/03\/Orientation-Circuit-Court-mars-2023.pdf\" target=\"_blank\" rel=\"noreferrer noopener\">Orientation Circuit Court (2023)<\/a><\/div>\n\n\n\n<div class=\"wp-block-file\"><a id=\"wp-block-file--media-e2b2522e-fd51-4e5c-adbe-ab29f5097410\" href=\"https:\/\/dhumu.fr\/wp-content\/uploads\/2025\/03\/Orientation-MMG-Pasteur-2.pdf\" target=\"_blank\" rel=\"noreferrer noopener\">Orientation MMG (2025)<\/a><\/div>\n\n\n\n<div class=\"wp-block-file\"><a id=\"wp-block-file--media-65a10e6f-a1c6-4cfc-9449-3bde9c85d2de\" href=\"https:\/\/dhumu.fr\/wp-content\/uploads\/2023\/07\/Procedure-brancardage-juin-2020.pdf\" target=\"_blank\" rel=\"noreferrer noopener\">Proc\u00e9dure Brancardage Urgent (2020)<\/a><\/div>\n\n\n\n<div class=\"wp-block-file\"><a id=\"wp-block-file--media-63fadbcf-ba89-4306-bd58-63ace1589b03\" href=\"https:\/\/dhumu.fr\/wp-content\/uploads\/2023\/07\/Procedure-Orientation-CAP-v20221027.pdf\" target=\"_blank\" rel=\"noreferrer noopener\">Proc\u00e9dure Orientation CAP (2022)<\/a><\/div>\n\n\n\n<div class=\"wp-block-file\"><a id=\"wp-block-file--media-df4883d9-1c20-4aae-8b65-c3d0fb7672c2\" href=\"https:\/\/dhumu.fr\/wp-content\/uploads\/2024\/12\/IAO-oriente-police.pdf\" target=\"_blank\" rel=\"noreferrer noopener\">Proc\u00e9dure Orientation des Patients accompagn\u00e9s Police (2024)<\/a><\/div>\n\n\n\n<div class=\"wp-block-file\"><a id=\"wp-block-file--media-9d195657-189d-4224-9e93-04ac8a855460\" href=\"https:\/\/dhumu.fr\/wp-content\/uploads\/2025\/02\/SAUVSRUV-MISE-A-JOUR-FINALE.pdf\" target=\"_blank\" rel=\"noreferrer noopener\">Proc\u00e9dure d&rsquo;orientation des patients SAUV\/SRUV (2025)<\/a><\/div>\n\n\n\n<div class=\"wp-block-file\"><a id=\"wp-block-file--media-aade47a1-c9f4-4ae9-91f9-87e6b3a03dab\" href=\"https:\/\/dhumu.fr\/wp-content\/uploads\/2023\/11\/ProtocoleAntalgieIOA_v5_Actiskenan_FL.pdf\" target=\"_blank\" rel=\"noreferrer noopener\">Protocole Antalgie IOA (2023)<\/a><\/div>\n\n\n\n<div class=\"wp-block-file\"><a id=\"wp-block-file--media-19178e1a-9dcb-4f27-927a-4f89bed477a1\" href=\"https:\/\/dhumu.fr\/wp-content\/uploads\/2024\/03\/protocole-avc-v3.pdf\" target=\"_blank\" rel=\"noreferrer noopener\">Protocole AVC (2022)<\/a><\/div>\n\n\n\n<div class=\"wp-block-file\"><a id=\"wp-block-file--media-ef408a75-5d0e-4047-9fe3-2069b19c9af5\" href=\"https:\/\/dhumu.fr\/wp-content\/uploads\/2023\/07\/Protocole-Crise-dAsthme-IOA.pdf\" target=\"_blank\" rel=\"noreferrer noopener\">Protocole Crise d&rsquo;Asthme IOA (2021)<\/a><\/div>\n\n\n\n<div class=\"wp-block-file\"><a id=\"wp-block-file--media-4c2e4e73-9cdf-46b1-ad65-f237ac8fd91f\" href=\"https:\/\/dhumu.fr\/wp-content\/uploads\/2023\/07\/Protocole-Hypoglycemie-Severe-IOA.pdf\" target=\"_blank\" rel=\"noreferrer noopener\">Protocole Hypoglyc\u00e9mie S\u00e9v\u00e8re IOA (2021)<\/a><\/div>\n\n\n\n<div class=\"wp-block-file\"><a id=\"wp-block-file--media-df8ea8a6-02da-4286-83e7-96f831b1fa25\" href=\"https:\/\/dhumu.fr\/wp-content\/uploads\/2023\/07\/Protocole-MID-IOA.pdf\" target=\"_blank\" rel=\"noreferrer noopener\">Protocole MID IOA (2021)<\/a><\/div>\n\n\n\n<div class=\"wp-block-file\"><a id=\"wp-block-file--media-4496e4f8-351b-4daa-a7b0-17bbf08d5fe1\" href=\"https:\/\/dhumu.fr\/wp-content\/uploads\/2026\/02\/V2-TRI-IAO-Ophtalmo.pdf\" target=\"_blank\" rel=\"noreferrer noopener\">TRI IAO Ophtalmo (2026)<\/a><\/div>\n","protected":false},"excerpt":{"rendered":"","protected":false},"author":2,"featured_media":0,"parent":106,"menu_order":0,"comment_status":"closed","ping_status":"closed","template":"","meta":{"neve_meta_sidebar":"","neve_meta_container":"","neve_meta_enable_content_width":"","neve_meta_content_width":0,"neve_meta_title_alignment":"","neve_meta_author_avatar":"","neve_post_elements_order":"","neve_meta_disable_header":"","neve_meta_disable_footer":"","neve_meta_disable_title":"","footnotes":""},"class_list":["post-195","page","type-page","status-publish","hentry"],"_links":{"self":[{"href":"https:\/\/dhumu.fr\/index.php?rest_route=\/wp\/v2\/pages\/195","targetHints":{"allow":["GET"]}}],"collection":[{"href":"https:\/\/dhumu.fr\/index.php?rest_route=\/wp\/v2\/pages"}],"about":[{"href":"https:\/\/dhumu.fr\/index.php?rest_route=\/wp\/v2\/types\/page"}],"author":[{"embeddable":true,"href":"https:\/\/dhumu.fr\/index.php?rest_route=\/wp\/v2\/users\/2"}],"replies":[{"embeddable":true,"href":"https:\/\/dhumu.fr\/index.php?rest_route=%2Fwp%2Fv2%2Fcomments&post=195"}],"version-history":[{"count":24,"href":"https:\/\/dhumu.fr\/index.php?rest_route=\/wp\/v2\/pages\/195\/revisions"}],"predecessor-version":[{"id":2181,"href":"https:\/\/dhumu.fr\/index.php?rest_route=\/wp\/v2\/pages\/195\/revisions\/2181"}],"up":[{"embeddable":true,"href":"https:\/\/dhumu.fr\/index.php?rest_route=\/wp\/v2\/pages\/106"}],"wp:attachment":[{"href":"https:\/\/dhumu.fr\/index.php?rest_route=%2Fwp%2Fv2%2Fmedia&parent=195"}],"curies":[{"name":"wp","href":"https:\/\/api.w.org\/{rel}","templated":true}]}}