{"id":503,"date":"2023-09-23T02:03:46","date_gmt":"2023-09-23T00:03:46","guid":{"rendered":"https:\/\/dhumu.fr\/?page_id=503"},"modified":"2025-12-12T13:43:26","modified_gmt":"2025-12-12T12:43:26","slug":"protocoles-recherche","status":"publish","type":"page","link":"https:\/\/dhumu.fr\/?page_id=503","title":{"rendered":"Protocoles Recherche"},"content":{"rendered":"\n<div class=\"wp-block-file\"><a id=\"wp-block-file--media-a50be5fb-d443-40da-831d-337776b11323\" href=\"https:\/\/dhumu.fr\/wp-content\/uploads\/2023\/12\/Guide_de_saisie_REDCap-Randomisation_condense.pdf\" target=\"_blank\" rel=\"noreferrer noopener\">Guide de saisie inclusion et randomisation dans REDCap <\/a><\/div>\n\n\n\n<ul class=\"wp-block-list\">\n<li><a href=\"https:\/\/drive.google.com\/file\/d\/1Gb_ieHPMvl3eEVWwkpi71CaRpsTM6bvt\/view\">BANET<\/a> : Evaluation de l\u2019impact d\u2019un avis d\u2019expert lors de la prise en charge des patients pr\u00e9sentant une h\u00e9morragie grave sous anticoagulants oraux<\/li>\n<\/ul>\n\n\n\n<ul class=\"wp-block-list\">\n<li><a href=\"https:\/\/drive.google.com\/file\/d\/1I72yYT9PovarHr95uGz74Z6ypv7ebKIB\/view\">DRINK<\/a> : Etude randomis\u00e9e contr\u00f4l\u00e9e en double aveugle  : NaCl vs Ringer Lactate dans le traitement des acidoc\u00e9toses diab\u00e9tiques<\/li>\n<\/ul>\n\n\n\n<ul class=\"wp-block-list\">\n<li><a href=\"https:\/\/drive.google.com\/file\/d\/1hgGmD5Ureih3PDABkvP6gvw3fUJUyxYf\/view\">ESKAPE<\/a> : Etude <strong>randomis\u00e9e<\/strong> contr\u00f4l\u00e9e en double aveugle Esk\u00e9tamine Low dose versus K\u00e9tamine Low dose pour la douleur aigue s\u00e9v\u00e8re aux urgences<\/li>\n<\/ul>\n\n\n\n<ul class=\"wp-block-list\">\n<li><a rel=\"noreferrer noopener\" href=\"https:\/\/drive.google.com\/file\/d\/12FnVowjsfSM70LgnumZ17A8zBlEvIwJT\/view\" data-type=\"link\" data-id=\"https:\/\/drive.google.com\/file\/d\/12FnVowjsfSM70LgnumZ17A8zBlEvIwJT\/view\" target=\"_blank\">Genesis<\/a> :  Etude <strong>randomis\u00e9e<\/strong> sur l&rsquo;ETT coupl\u00e9e \u00e0 un algorithme th\u00e9rapeutique dans le Sepsis<\/li>\n<\/ul>\n\n\n\n<ul class=\"wp-block-list\">\n<li><a href=\"https:\/\/drive.google.com\/file\/d\/1m-wyW62OMFeEBxIsKA99ZoIHBSssh53E\/view\">GUEST<\/a> : Valeur ajout\u00e9e, performances et acceptation du couple \u00ab GFAP-UCH-L1 \u00bb dans l\u2019\u00e9valuation des sujets victimes d\u2019un traumatisme cr\u00e2nien l\u00e9ger \u00e0 risque interm\u00e9diaire de complications<\/li>\n<\/ul>\n\n\n\n<ul class=\"wp-block-list\">\n<li><a href=\"https:\/\/drive.google.com\/file\/d\/1oSyuHU3aCZyNh0Rz3DMQgsgBbQFHbjON\/view\" target=\"_blank\" rel=\"noreferrer noopener\">HYPNOLUX<\/a>: Etude <strong>randomis\u00e9e<\/strong> Methoxyflurane ou casque de VR vs PEC antalgique standard pour la d\u00e9duction de la luxation ant\u00e9rieure d&rsquo;\u00e9paule<\/li>\n<\/ul>\n\n\n\n<div class=\"wp-block-file\"><a id=\"wp-block-file--media-8329665f-7224-47db-8630-27a105d8e35d\" href=\"https:\/\/dhumu.fr\/wp-content\/uploads\/2023\/12\/guide-utilisation-casque-VR.pdf\" target=\"_blank\" rel=\"noreferrer noopener\">Guide Utilisation Casque VR<\/a><\/div>\n\n\n\n<div class=\"wp-block-file\"><a id=\"wp-block-file--media-9030d59e-8f00-464c-bfb4-95113753f1a3\" href=\"https:\/\/dhumu.fr\/wp-content\/uploads\/2023\/12\/HYPNOLUX_notice-utilisation-penthrox.pdf\" target=\"_blank\" rel=\"noreferrer noopener\">Penthrox : Notice utilisation<\/a><\/div>\n\n\n\n<ul class=\"wp-block-list\">\n<li><a rel=\"noreferrer noopener\" href=\"https:\/\/drive.google.com\/file\/d\/1MMKnJaKSwiLlKDVju9eQnM1LvZ3ILDPb\/view\" data-type=\"link\" data-id=\"https:\/\/drive.google.com\/file\/d\/1MMKnJaKSwiLlKDVju9eQnM1LvZ3ILDPb\/view\" target=\"_blank\">INSAKA<\/a> :  Etude <strong>randomis\u00e9e <\/strong>sur le traitement de l&rsquo;hyperK+ &gt; 5.5 mmol\/L<\/li>\n<\/ul>\n\n\n\n<ul class=\"wp-block-list\">\n<li><a href=\"https:\/\/drive.google.com\/file\/d\/19KJDTgtUpBtt_bo6IMx1T46ESQ8z8v_L\/view\">MYRIADE<\/a> : Strat\u00e9gie d&rsquo;intervention multi facettes pour les proches de patient en fin de vie aux urgences : essai <strong>randomis\u00e9 en cluster<\/strong><\/li>\n<\/ul>\n\n\n\n<ul class=\"wp-block-list\">\n<li><a href=\"https:\/\/drive.google.com\/file\/d\/1nWO3SEWqVirstwyqzS0NGDEO_S_gotez\/view\" data-type=\"link\" data-id=\"https:\/\/drive.google.com\/file\/d\/1nWO3SEWqVirstwyqzS0NGDEO_S_gotez\/view\" target=\"_blank\" rel=\"noreferrer noopener\">Registre Casque de R\u00e9alit\u00e9 Virtuelle<\/a><\/li>\n<\/ul>\n\n\n\n<div class=\"wp-block-file\"><a id=\"wp-block-file--media-692357a9-f0c7-49ec-9581-c5bdbc117cb9\" href=\"https:\/\/dhumu.fr\/wp-content\/uploads\/2023\/09\/SAU-Procedure-Casques-VR-v17112021.pdf\" target=\"_blank\" rel=\"noreferrer noopener\"><strong>Proc\u00e9dure Casque VR (2021)<\/strong><\/a><\/div>\n\n\n\n<ul class=\"wp-block-list\">\n<li><a rel=\"noreferrer noopener\" href=\"https:\/\/drive.google.com\/file\/d\/1wS2XOFKUpVf5TNTZKgNwQoolS1NUD0MR\/view\" data-type=\"link\" data-id=\"https:\/\/drive.google.com\/file\/d\/1wS2XOFKUpVf5TNTZKgNwQoolS1NUD0MR\/view\" target=\"_blank\">Registre SIVOC<\/a> (int\u00e9gr\u00e9e au protocole de service sur la S\u00e9dation proc\u00e9durale)<\/li>\n<\/ul>\n\n\n\n<ul class=\"wp-block-list\">\n<li><a href=\"https:\/\/drive.google.com\/file\/d\/15YWFHBi_M_4jWhF6Myz3yPOkidnTlyqe\/view\" data-type=\"link\" data-id=\"https:\/\/drive.google.com\/file\/d\/15YWFHBi_M_4jWhF6Myz3yPOkidnTlyqe\/view\">TROPIFEVER<\/a> : Diagnostic mol\u00e9culaire rapide et d\u00e9tection pr\u00e9coce des maladies infectieuses \u00e9mergentes chez les patients avec fi\u00e8vre au retour des tropiques<\/li>\n<\/ul>\n\n\n\n<p><\/p>\n","protected":false},"excerpt":{"rendered":"","protected":false},"author":2,"featured_media":0,"parent":106,"menu_order":0,"comment_status":"closed","ping_status":"closed","template":"","meta":{"neve_meta_sidebar":"","neve_meta_container":"","neve_meta_enable_content_width":"","neve_meta_content_width":0,"neve_meta_title_alignment":"","neve_meta_author_avatar":"","neve_post_elements_order":"","neve_meta_disable_header":"","neve_meta_disable_footer":"","neve_meta_disable_title":"","footnotes":""},"class_list":["post-503","page","type-page","status-publish","hentry"],"_links":{"self":[{"href":"https:\/\/dhumu.fr\/index.php?rest_route=\/wp\/v2\/pages\/503","targetHints":{"allow":["GET"]}}],"collection":[{"href":"https:\/\/dhumu.fr\/index.php?rest_route=\/wp\/v2\/pages"}],"about":[{"href":"https:\/\/dhumu.fr\/index.php?rest_route=\/wp\/v2\/types\/page"}],"author":[{"embeddable":true,"href":"https:\/\/dhumu.fr\/index.php?rest_route=\/wp\/v2\/users\/2"}],"replies":[{"embeddable":true,"href":"https:\/\/dhumu.fr\/index.php?rest_route=%2Fwp%2Fv2%2Fcomments&post=503"}],"version-history":[{"count":43,"href":"https:\/\/dhumu.fr\/index.php?rest_route=\/wp\/v2\/pages\/503\/revisions"}],"predecessor-version":[{"id":2013,"href":"https:\/\/dhumu.fr\/index.php?rest_route=\/wp\/v2\/pages\/503\/revisions\/2013"}],"up":[{"embeddable":true,"href":"https:\/\/dhumu.fr\/index.php?rest_route=\/wp\/v2\/pages\/106"}],"wp:attachment":[{"href":"https:\/\/dhumu.fr\/index.php?rest_route=%2Fwp%2Fv2%2Fmedia&parent=503"}],"curies":[{"name":"wp","href":"https:\/\/api.w.org\/{rel}","templated":true}]}}